{"id":60,"date":"2015-12-25T19:23:36","date_gmt":"2015-12-25T18:23:36","guid":{"rendered":"http:\/\/kanubis.de\/?page_id=60"},"modified":"2015-12-30T15:16:57","modified_gmt":"2015-12-30T14:16:57","slug":"reaktionen","status":"publish","type":"page","link":"https:\/\/kanubis.de\/?page_id=60","title":{"rendered":"Reaktionen"},"content":{"rendered":"<p>&#8222;Die Mutter zwang mich mit,<br \/>\ndas fand ich echten Schitt.<br \/>\nNachdem das Boot im Wasser war,<br \/>\nfand ich es pl\u00f6tzlich wunderbar! &#8211; Janine<\/p>\n<hr \/>\n<p>Tourbeurteilung:<br \/>\n&#8211; Wetter super<br \/>\n&#8211; Wasser kalt<br \/>\n&#8211; Essen spitzenm\u00e4\u00dfig * * * * * *<br \/>\n&#8211; Team einsame Spitze!!!!!!!<br \/>\n&#8211; Spa\u00dffaktor 10 (mehr geht nicht)<br \/>\n&#8211; Lernfaktor dito<br \/>\n&#8211; Erholung pur f\u00fcr Leib und Seele &#8211; Hannes<br \/>\n<img loading=\"lazy\" decoding=\"async\" class=\"size-full wp-image-484 aligncenter\" src=\"https:\/\/i0.wp.com\/kanubis.de\/wp-content\/uploads\/2015\/12\/feedback6.jpg?resize=300%2C196&#038;ssl=1\" alt=\"feedback6\" width=\"300\" height=\"196\" data-recalc-dims=\"1\" \/><\/p>\n<p>&#8222;Ein bi\u00dfchen m\u00fcde, aber voller sch\u00f6ner Eindr\u00fccke, bleibt nur zu sagen: Es war eine tolle Kanutour, die Lust auf Wiederholung gemacht hat.&#8220; &#8211; Ulla<\/p>\n<hr \/>\n<p>&#8222;Ein Tag wie eine Woche.&#8220; &#8211; Antje<\/p>\n<hr \/>\n<p>&#8222;Wieder eine tolle Tour!!! Mit Frank\u00b4s Anleitung schaffen wir es bestimmt demn\u00e4chst sogar \u00fcber das Wasser zu laufen.&#8220; &#8211; Uwe<br \/>\n<img loading=\"lazy\" decoding=\"async\" class=\"size-full wp-image-483 aligncenter\" src=\"https:\/\/i0.wp.com\/kanubis.de\/wp-content\/uploads\/2015\/12\/ablauf2.jpg?resize=224%2C300&#038;ssl=1\" alt=\"OLYMPUS DIGITAL CAMERA\" width=\"224\" height=\"300\" data-recalc-dims=\"1\" \/><\/p>\n<p>&#8222;Die n\u00e4chste Fahrt ist schon geplant.&#8220; &#8211; Wiebke<\/p>\n<hr \/>\n<p>&#8222;Warum eigentlich soll man ein Totwasser nochmal erstechen???<br \/>\nUnd noch dazu im richtigen Winkel???&#8220; &#8211; Axel<\/p>\n<hr \/>\n<p>&#8222;Wir sind gekommen um na\u00df zu werden.&#8220; &#8211; J\u00fcrgen<br \/>\n<img loading=\"lazy\" decoding=\"async\" class=\"size-full wp-image-481 aligncenter\" src=\"https:\/\/i0.wp.com\/kanubis.de\/wp-content\/uploads\/2015\/12\/infos3.jpg?resize=300%2C200&#038;ssl=1\" alt=\"infos3\" width=\"300\" height=\"200\" data-recalc-dims=\"1\" \/><\/p>\n<p>&#8222;Erst nachdem ich aus dem Boot gesprungen bin, merkte ich das das Wasser tiefer war als ich gro\u00df bin.&#8220; &#8211; Johannes<\/p>\n<hr \/>\n<p>&#8222;Wenn das Boot die Wellen entern, muss die Mannschaft leider kentern.&#8220; &#8211; Moritz<\/p>\n<hr \/>\n<p>&#8222;Kurz und gut: Ich bin begeistert!&#8220; &#8211; Dani<\/p>\n<hr \/>\n<p>&#8222;Ich habe fiel Schbas gehabt.&#8220; &#8211; Lukas<br \/>\n<img loading=\"lazy\" decoding=\"async\" class=\"size-full wp-image-487 aligncenter\" src=\"https:\/\/i0.wp.com\/kanubis.de\/wp-content\/uploads\/2015\/12\/kids02.jpg?resize=198%2C300&#038;ssl=1\" alt=\"kids02\" width=\"198\" height=\"300\" data-recalc-dims=\"1\" \/><\/p>\n<p>&#8222;So was von kinderfreundlich! Unsere Kinder kommen wieder. Mit oder ohne uns Eltern.&#8220; &#8211; Petra<\/p>\n<hr \/>\n<p>&#8222;Macht Lust auf mehr: &#8230;mehr Wellen, &#8230;mehr Schnellen, &#8230;mehr Wehre, &#8230;mehr Kanutouren!&#8220; &#8211; Stefan<\/p>\n","protected":false},"excerpt":{"rendered":"<p>&#8222;Die Mutter zwang mich mit, das fand ich echten Schitt. Nachdem das Boot im Wasser war, fand ich es pl\u00f6tzlich wunderbar! &#8211; Janine Tourbeurteilung: &#8211; Wetter super &#8211; Wasser kalt &#8211; Essen spitzenm\u00e4\u00dfig * * * * * * &#8211; Team einsame Spitze!!!!!!! &#8211; Spa\u00dffaktor 10 (mehr geht nicht) &#8211; Lernfaktor dito &#8211; Erholung pur &hellip; <\/p>\n<p class=\"link-more\"><a href=\"https:\/\/kanubis.de\/?page_id=60\" class=\"more-link\"><span class=\"screen-reader-text\">\u201eReaktionen\u201c<\/span> weiterlesen<\/a><\/p>\n","protected":false},"author":1,"featured_media":0,"parent":0,"menu_order":0,"comment_status":"closed","ping_status":"closed","template":"","meta":{"ngg_post_thumbnail":0,"footnotes":""},"class_list":["post-60","page","type-page","status-publish","hentry"],"jetpack_sharing_enabled":true,"_links":{"self":[{"href":"https:\/\/kanubis.de\/index.php?rest_route=\/wp\/v2\/pages\/60"}],"collection":[{"href":"https:\/\/kanubis.de\/index.php?rest_route=\/wp\/v2\/pages"}],"about":[{"href":"https:\/\/kanubis.de\/index.php?rest_route=\/wp\/v2\/types\/page"}],"author":[{"embeddable":true,"href":"https:\/\/kanubis.de\/index.php?rest_route=\/wp\/v2\/users\/1"}],"replies":[{"embeddable":true,"href":"https:\/\/kanubis.de\/index.php?rest_route=%2Fwp%2Fv2%2Fcomments&post=60"}],"version-history":[{"count":6,"href":"https:\/\/kanubis.de\/index.php?rest_route=\/wp\/v2\/pages\/60\/revisions"}],"predecessor-version":[{"id":593,"href":"https:\/\/kanubis.de\/index.php?rest_route=\/wp\/v2\/pages\/60\/revisions\/593"}],"wp:attachment":[{"href":"https:\/\/kanubis.de\/index.php?rest_route=%2Fwp%2Fv2%2Fmedia&parent=60"}],"curies":[{"name":"wp","href":"https:\/\/api.w.org\/{rel}","templated":true}]}}